{"id":13,"date":"2019-08-15T10:53:39","date_gmt":"2019-08-15T10:53:39","guid":{"rendered":"http:\/\/b-u-w-eberhardt-stiftung.de\/?page_id=13"},"modified":"2021-01-01T12:25:01","modified_gmt":"2021-01-01T12:25:01","slug":"unterstuetzen","status":"publish","type":"page","link":"https:\/\/b-u-w-eberhardt-stiftung.de\/?page_id=13","title":{"rendered":"Unterst\u00fctzen"},"content":{"rendered":"\n<p>Sie wollen die Arbeit der Brigitte-und-Werner-Eberhardt-Stiftung unterst\u00fctzen?<br>Bitte \u00fcberweisen Sie Ihre Spenden unter vollst\u00e4ndiger Angabe des Verwendungszwecks <strong>2500016036 Brigitte-und-Werner-Eberhardt-Stiftung<\/strong> auf das Konto der <br>Ev. Landeskirchenstiftung bei der EKK<br>IBAN DE48 5206 0410 0000 1616 16<br>BIC GENODEF1EK1<\/p>\n\n\n\n<p>Ab einem Betrag von 2.000 Euro ist auch eine Zustiftung m\u00f6glich.<br>Spenden und Zustiftungen sind steuerlich absetzbar; bitte geben Sie  deshalb Name und komplette Anschrift bei der \u00dcberweisung an, damit Ihnen  eine Spendenbescheinigung zugeschickt werden kann.<br><strong>Vielen Dank f\u00fcr Ihre Unterst\u00fctzung!<\/strong><\/p>\n","protected":false},"excerpt":{"rendered":"<p>Sie wollen die Arbeit der Brigitte-und-Werner-Eberhardt-Stiftung unterst\u00fctzen?Bitte \u00fcberweisen Sie Ihre Spenden unter vollst\u00e4ndiger Angabe des Verwendungszwecks 2500016036 Brigitte-und-Werner-Eberhardt-Stiftung auf das Konto der Ev. Landeskirchenstiftung bei der EKKIBAN DE48 5206 0410 0000 1616 16BIC GENODEF1EK1 Ab einem Betrag von 2.000 Euro ist auch eine Zustiftung m\u00f6glich.Spenden und Zustiftungen sind steuerlich absetzbar; bitte geben Sie deshalb Name &hellip; <\/p>\n<p class=\"link-more\"><a href=\"https:\/\/b-u-w-eberhardt-stiftung.de\/?page_id=13\" class=\"more-link\"><span class=\"screen-reader-text\">\u201eUnterst\u00fctzen\u201c <\/span>weiterlesen<\/a><\/p>\n","protected":false},"author":1,"featured_media":0,"parent":0,"menu_order":0,"comment_status":"closed","ping_status":"closed","template":"","meta":{"footnotes":""},"class_list":["post-13","page","type-page","status-publish","hentry"],"_links":{"self":[{"href":"https:\/\/b-u-w-eberhardt-stiftung.de\/index.php?rest_route=\/wp\/v2\/pages\/13","targetHints":{"allow":["GET"]}}],"collection":[{"href":"https:\/\/b-u-w-eberhardt-stiftung.de\/index.php?rest_route=\/wp\/v2\/pages"}],"about":[{"href":"https:\/\/b-u-w-eberhardt-stiftung.de\/index.php?rest_route=\/wp\/v2\/types\/page"}],"author":[{"embeddable":true,"href":"https:\/\/b-u-w-eberhardt-stiftung.de\/index.php?rest_route=\/wp\/v2\/users\/1"}],"replies":[{"embeddable":true,"href":"https:\/\/b-u-w-eberhardt-stiftung.de\/index.php?rest_route=%2Fwp%2Fv2%2Fcomments&post=13"}],"version-history":[{"count":4,"href":"https:\/\/b-u-w-eberhardt-stiftung.de\/index.php?rest_route=\/wp\/v2\/pages\/13\/revisions"}],"predecessor-version":[{"id":121,"href":"https:\/\/b-u-w-eberhardt-stiftung.de\/index.php?rest_route=\/wp\/v2\/pages\/13\/revisions\/121"}],"wp:attachment":[{"href":"https:\/\/b-u-w-eberhardt-stiftung.de\/index.php?rest_route=%2Fwp%2Fv2%2Fmedia&parent=13"}],"curies":[{"name":"wp","href":"https:\/\/api.w.org\/{rel}","templated":true}]}}